{"id":1766,"date":"2026-03-02T13:46:47","date_gmt":"2026-03-02T13:46:47","guid":{"rendered":"https:\/\/immodaccentury.com\/limmobilier-a-empuriabrava-et-a-roses-guide-de-lachat-et-de-la-vente-de-biens-immobiliers\/"},"modified":"2026-03-19T04:55:31","modified_gmt":"2026-03-19T04:55:31","slug":"limmobilier-a-empuriabrava-et-a-roses-guide-de-lachat-et-de-la-vente-de-biens-immobiliers","status":"publish","type":"page","link":"https:\/\/immodaccentury.com\/fr\/limmobilier-a-empuriabrava-et-a-roses-guide-de-lachat-et-de-la-vente-de-biens-immobiliers\/","title":{"rendered":"L&rsquo;immobilier \u00e0 Empuriabrava et \u00e0 Roses &#8211; Guide de l&rsquo;achat et de la vente de biens immobiliers"},"content":{"rendered":"<p>[et_pb_section fb_built=\u00a0\u00bb1&Prime; _builder_version=\u00a0\u00bb4.27.5&Prime; _module_preset=\u00a0\u00bbdefault\u00a0\u00bb global_colors_info=\u00a0\u00bb{}\u00a0\u00bb][et_pb_row _builder_version=\u00a0\u00bb4.27.5&Prime; _module_preset=\u00a0\u00bbdefault\u00a0\u00bb global_colors_info=\u00a0\u00bb{}\u00a0\u00bb][et_pb_column type=\u00a0\u00bb4_4&Prime; _builder_version=\u00a0\u00bb4.27.5&Prime; _module_preset=\u00a0\u00bbdefault\u00a0\u00bb global_colors_info=\u00a0\u00bb{}\u00a0\u00bb][et_pb_text _builder_version=\u00a0\u00bb4.27.5&Prime; _module_preset=\u00a0\u00bbdefault\u00a0\u00bb custom_padding=\u00a0\u00bb3px|||||\u00a0\u00bb hover_enabled=\u00a0\u00bb0&Prime; global_colors_info=\u00a0\u00bb{}\u00a0\u00bb sticky_enabled=\u00a0\u00bb0&Prime;]<\/p>\n<h2><strong>L\u00b4immobilier \u00e0 Empuriabrava et \u00e0 Roses est une r\u00e9f\u00e9rence sur le march\u00e9 immobilier de la Costa Brava.<\/strong><\/h2>\n<p>Dans cet espace, nous partageons des informations actualis\u00e9es sur le march\u00e9 immobilier d&rsquo;Empuriabrava, de Roses et de la Costa Brava.<\/p>\n<p>Vous y trouverez<\/p>\n<p>&#8211; Conseils pour l&rsquo;achat ou la vente d&rsquo;un bien immobilier<br \/>&#8211; Informations sur le march\u00e9 immobilier local<br \/>&#8211; Guides de l&rsquo;investisseur<br \/>&#8211; Actualit\u00e9s et opportunit\u00e9s dans la r\u00e9gion<\/p>\n<p>Notre objectif est de vous aider \u00e0 prendre des d\u00e9cisions en toute connaissance de cause et en toute confiance.<\/p>\n<p>Si vous envisagez d&rsquo;acheter, de vendre ou d&rsquo;investir \u00e0 Empuriabrava ou \u00e0 Roses, ce blog est fait pour vous.<\/p>\n<p>March\u00e9 immobilier \u00e0 Empuriabrava et Roses<\/p>\n<p>Le march\u00e9 immobilier d&rsquo;Empuriabrava et de Roses se distingue par une forte demande internationale, notamment de la part d&rsquo;acheteurs fran\u00e7ais, allemands et belges. La r\u00e9gion offre des appartements avec vue sur la mer, des maisons avec amarrage sur les canaux d&rsquo;Empuriabrava et des villas exclusives \u00e0 Roses. Investir sur la Costa Brava est une opportunit\u00e9 int\u00e9ressante, tant pour une r\u00e9sidence permanente que pour une r\u00e9sidence secondaire ou une location de vacances.  <\/p>\n<p>En outre, l&rsquo;agence immobili\u00e8re d&rsquo;Empuriabrava et de Roses doit offrir un soutien professionnel \u00e0 chaque \u00e9tape du processus d&rsquo;achat ou de vente. Les conseils d&rsquo;un expert vous permettent de mieux n\u00e9gocier le prix, de g\u00e9rer la documentation juridique et de garantir la transparence et la s\u00e9curit\u00e9 de l&rsquo;op\u00e9ration. En outre, l&rsquo;immobilier \u00e0 Empuriabrava et \u00e0 Roses offre des opportunit\u00e9s uniques, tant en bord de mer que dans des zones r\u00e9sidentielles tranquilles. Gr\u00e2ce \u00e0 leur situation privil\u00e9gi\u00e9e sur la Costa Brava, ces lieux allient qualit\u00e9 de vie, rentabilit\u00e9 et forte demande internationale tout au long de l&rsquo;ann\u00e9e. L&rsquo;immobilier \u00e0 Empuriabrava et \u00e0 Roses continue de cro\u00eetre gr\u00e2ce \u00e0 leur attrait touristique et r\u00e9sidentiel. Selon les donn\u00e9es officielles du march\u00e9 immobilier de la Costa Brava. Selon les donn\u00e9es officielles de l&rsquo;Association des Registres<a href=\"https:\/\/www.registradores.org\" target=\"_blank\" rel=\"noopener\">(https:\/\/www.registradores.org)<\/a>.      <\/p>\n<p>&nbsp;<\/p>\n<p>[\/et_pb_text][\/et_pb_column][\/et_pb_row][\/et_pb_section][et_pb_section fb_built=\u00a0\u00bb1&Prime; _builder_version=\u00a0\u00bb4.27.5&Prime; _module_preset=\u00a0\u00bbdefault\u00a0\u00bb global_colors_info=\u00a0\u00bb{}\u00a0\u00bb][et_pb_row _builder_version=\u00a0\u00bb4.27.5&Prime; _module_preset=\u00a0\u00bbdefault\u00a0\u00bb global_colors_info=\u00a0\u00bb{}\u00a0\u00bb][et_pb_column type=\u00a0\u00bb4_4&Prime; _builder_version=\u00a0\u00bb4.27.5&Prime; _module_preset=\u00a0\u00bbdefault\u00a0\u00bb global_colors_info=\u00a0\u00bb{}\u00a0\u00bb][et_pb_blog fullwidth=\u00a0\u00bboff\u00a0\u00bb posts_number=\u00a0\u00bb6&Prime; _builder_version=\u00a0\u00bb4.27.5&Prime; _module_preset=\u00a0\u00bbdefault\u00a0\u00bb global_colors_info=\u00a0\u00bb{}\u00a0\u00bb][\/et_pb_blog][\/et_pb_column][\/et_pb_row][\/et_pb_section]<\/p>\n","protected":false},"excerpt":{"rendered":"<p>L\u00b4immobilier \u00e0 Empuriabrava et \u00e0 Roses est une r\u00e9f\u00e9rence sur le march\u00e9 immobilier de la Costa Brava. Dans cet espace, nous partageons des informations actualis\u00e9es sur le march\u00e9 immobilier d&rsquo;Empuriabrava, de Roses et de la Costa Brava. Vous y trouverez &#8211; Conseils pour l&rsquo;achat ou la vente d&rsquo;un bien immobilier- Informations sur le march\u00e9 immobilier [&hellip;]<\/p>\n","protected":false},"author":2,"featured_media":334,"parent":0,"menu_order":0,"comment_status":"closed","ping_status":"closed","template":"","meta":{"_et_pb_use_builder":"on","_et_pb_old_content":"","_et_gb_content_width":"","footnotes":""},"class_list":["post-1766","page","type-page","status-publish","has-post-thumbnail","hentry"],"_links":{"self":[{"href":"https:\/\/immodaccentury.com\/fr\/wp-json\/wp\/v2\/pages\/1766","targetHints":{"allow":["GET"]}}],"collection":[{"href":"https:\/\/immodaccentury.com\/fr\/wp-json\/wp\/v2\/pages"}],"about":[{"href":"https:\/\/immodaccentury.com\/fr\/wp-json\/wp\/v2\/types\/page"}],"author":[{"embeddable":true,"href":"https:\/\/immodaccentury.com\/fr\/wp-json\/wp\/v2\/users\/2"}],"replies":[{"embeddable":true,"href":"https:\/\/immodaccentury.com\/fr\/wp-json\/wp\/v2\/comments?post=1766"}],"version-history":[{"count":5,"href":"https:\/\/immodaccentury.com\/fr\/wp-json\/wp\/v2\/pages\/1766\/revisions"}],"predecessor-version":[{"id":1916,"href":"https:\/\/immodaccentury.com\/fr\/wp-json\/wp\/v2\/pages\/1766\/revisions\/1916"}],"wp:featuredmedia":[{"embeddable":true,"href":"https:\/\/immodaccentury.com\/fr\/wp-json\/wp\/v2\/media\/334"}],"wp:attachment":[{"href":"https:\/\/immodaccentury.com\/fr\/wp-json\/wp\/v2\/media?parent=1766"}],"curies":[{"name":"wp","href":"https:\/\/api.w.org\/{rel}","templated":true}]}}