{"id":1769,"date":"2026-03-02T13:46:47","date_gmt":"2026-03-02T13:46:47","guid":{"rendered":"https:\/\/immodaccentury.com\/immobilien-in-empuriabrava-und-roses-leitfaden-fuer-den-kauf-und-verkauf-von-immobilien\/"},"modified":"2026-03-02T16:25:38","modified_gmt":"2026-03-02T16:25:38","slug":"immobilien-in-empuriabrava-und-roses-leitfaden-fuer-den-kauf-und-verkauf-von-immobilien","status":"publish","type":"page","link":"https:\/\/immodaccentury.com\/de\/immobilien-in-empuriabrava-und-roses-leitfaden-fuer-den-kauf-und-verkauf-von-immobilien\/","title":{"rendered":"Immobilien in Empuriabrava und Roses &#8211; Leitfaden f\u00fcr den Kauf und Verkauf von Immobilien"},"content":{"rendered":"<p>[et_pb_section fb_built=&#8220;1&#8243; _builder_version=&#8220;4.27.5&#8243; _module_preset=&#8220;default&#8220; global_colors_info=&#8220;{}&#8220;][et_pb_row _builder_version=&#8220;4.27.5&#8243; _module_preset=&#8220;default&#8220; global_colors_info=&#8220;{}&#8220;][et_pb_column type=&#8220;4_4&#8243; _builder_version=&#8220;4.27.5&#8243; _module_preset=&#8220;default&#8220; global_colors_info=&#8220;{}&#8220;][et_pb_text _builder_version=&#8220;4.27.5&#8243; _module_preset=&#8220;default&#8220; custom_padding=&#8220;3px|||||&#8220; hover_enabled=&#8220;0&#8243; global_colors_info=&#8220;{}&#8220; sticky_enabled=&#8220;0&#8243;]<\/p>\n<h2><strong>Immobilien in Empuriabrava und Roses ist eine Referenz auf dem Immobilienmarkt an der Costa Brava.<\/strong><\/h2>\n<p>An dieser Stelle teilen wir aktuelle Informationen \u00fcber den Immobilienmarkt in Empuriabrava, Roses und der Costa Brava.<\/p>\n<p>Hier werden Sie f\u00fcndig:<\/p>\n<p>&#8211; Tipps zum Kauf oder Verkauf einer Immobilie<br \/>&#8211; Informationen \u00fcber den lokalen Immobilienmarkt<br \/>&#8211; Leitf\u00e4den f\u00fcr Investoren<br \/>&#8211; Neuigkeiten und M\u00f6glichkeiten in der Region<\/p>\n<p>Unser Ziel ist es, Sie dabei zu unterst\u00fctzen, informierte und sichere Entscheidungen zu treffen.<\/p>\n<p>Wenn Sie daran denken, in Empuriabrava oder Roses zu kaufen, zu verkaufen oder zu investieren, ist dieser Blog genau das Richtige f\u00fcr Sie.<\/p>\n<p>Immobilienmarkt in Empuriabrava und Roses<\/p>\n<p>Der Immobilienmarkt in Empuriabrava und Roses zeichnet sich durch eine starke internationale Nachfrage aus, insbesondere von franz\u00f6sischen, deutschen und belgischen K\u00e4ufern. Die Region bietet Wohnungen mit Meerblick, H\u00e4user mit Liegepl\u00e4tzen an den Kan\u00e4len von Empuriabrava und exklusive Villen in Roses. Eine Investition an der Costa Brava ist eine interessante Gelegenheit, sowohl als st\u00e4ndiger Wohnsitz als auch als Zweitwohnsitz oder zur Ferienvermietung.  <\/p>\n<p>Dar\u00fcber hinaus muss das Immobilienb\u00fcro in Empuriabrava und Roses in jeder Phase des Kauf- oder Verkaufsprozesses professionelle Unterst\u00fctzung bieten. Eine fachkundige Beratung erm\u00f6glicht es Ihnen, den Preis besser auszuhandeln, die rechtlichen Unterlagen zu verwalten und einen transparenten und sicheren Ablauf zu gew\u00e4hrleisten. Dar\u00fcber hinaus bieten Immobilien in Empuriabrava und Roses sowohl an der Strandpromenade als auch in ruhigen Wohngegenden einzigartige M\u00f6glichkeiten. Dank ihrer privilegierten Lage an der Costa Brava vereinen diese Orte Lebensqualit\u00e4t, Rentabilit\u00e4t und eine starke internationale Nachfrage das ganze Jahr \u00fcber. Immobilien in Empuriabrava und Roses wachsen dank ihrer touristischen und wohnwirtschaftlichen Attraktivit\u00e4t weiter. Laut den offiziellen Daten zum Immobilienmarkt an der Costa Brava. Gem\u00e4\u00df den offiziellen Daten des Verbandes der Immobilienmakler<a href=\"https:\/\/www.registradores.org\" target=\"_blank\" rel=\"noopener\">(https:\/\/www.registradores.org)<\/a>.      <\/p>\n<p>&nbsp;<\/p>\n<p>[\/et_pb_text][\/et_pb_column][\/et_pb_row][\/et_pb_section][et_pb_section fb_built=&#8220;1&#8243; _builder_version=&#8220;4.27.5&#8243; _module_preset=&#8220;default&#8220; global_colors_info=&#8220;{}&#8220;][et_pb_row _builder_version=&#8220;4.27.5&#8243; _module_preset=&#8220;default&#8220; global_colors_info=&#8220;{}&#8220;][et_pb_column type=&#8220;4_4&#8243; _builder_version=&#8220;4.27.5&#8243; _module_preset=&#8220;default&#8220; global_colors_info=&#8220;{}&#8220;][et_pb_blog fullwidth=&#8220;off&#8220; posts_number=&#8220;6&#8243; _builder_version=&#8220;4.27.5&#8243; _module_preset=&#8220;default&#8220; global_colors_info=&#8220;{}&#8220;][\/et_pb_blog][\/et_pb_column][\/et_pb_row][\/et_pb_section]<\/p>\n","protected":false},"excerpt":{"rendered":"<p>Immobilien in Empuriabrava und Roses ist eine Referenz auf dem Immobilienmarkt an der Costa Brava. An dieser Stelle teilen wir aktuelle Informationen \u00fcber den Immobilienmarkt in Empuriabrava, Roses und der Costa Brava. Hier werden Sie f\u00fcndig: &#8211; Tipps zum Kauf oder Verkauf einer Immobilie- Informationen \u00fcber den lokalen Immobilienmarkt- Leitf\u00e4den f\u00fcr Investoren- Neuigkeiten und M\u00f6glichkeiten [&hellip;]<\/p>\n","protected":false},"author":2,"featured_media":335,"parent":0,"menu_order":0,"comment_status":"closed","ping_status":"closed","template":"","meta":{"_et_pb_use_builder":"on","_et_pb_old_content":"","_et_gb_content_width":"","footnotes":""},"class_list":["post-1769","page","type-page","status-publish","has-post-thumbnail","hentry"],"_links":{"self":[{"href":"https:\/\/immodaccentury.com\/de\/wp-json\/wp\/v2\/pages\/1769","targetHints":{"allow":["GET"]}}],"collection":[{"href":"https:\/\/immodaccentury.com\/de\/wp-json\/wp\/v2\/pages"}],"about":[{"href":"https:\/\/immodaccentury.com\/de\/wp-json\/wp\/v2\/types\/page"}],"author":[{"embeddable":true,"href":"https:\/\/immodaccentury.com\/de\/wp-json\/wp\/v2\/users\/2"}],"replies":[{"embeddable":true,"href":"https:\/\/immodaccentury.com\/de\/wp-json\/wp\/v2\/comments?post=1769"}],"version-history":[{"count":2,"href":"https:\/\/immodaccentury.com\/de\/wp-json\/wp\/v2\/pages\/1769\/revisions"}],"predecessor-version":[{"id":1771,"href":"https:\/\/immodaccentury.com\/de\/wp-json\/wp\/v2\/pages\/1769\/revisions\/1771"}],"wp:featuredmedia":[{"embeddable":true,"href":"https:\/\/immodaccentury.com\/de\/wp-json\/wp\/v2\/media\/335"}],"wp:attachment":[{"href":"https:\/\/immodaccentury.com\/de\/wp-json\/wp\/v2\/media?parent=1769"}],"curies":[{"name":"wp","href":"https:\/\/api.w.org\/{rel}","templated":true}]}}