{"id":1760,"date":"2026-03-02T13:46:47","date_gmt":"2026-03-02T13:46:47","guid":{"rendered":"https:\/\/immodaccentury.com\/immobiliaria-a-empuriabrava-i-roses-guia-per-a-comprar-i-vendre-propietats\/"},"modified":"2026-03-02T16:07:44","modified_gmt":"2026-03-02T16:07:44","slug":"immobiliaria-a-empuriabrava-i-roses-guia-per-a-comprar-i-vendre-propietats","status":"publish","type":"page","link":"https:\/\/immodaccentury.com\/ca\/immobiliaria-a-empuriabrava-i-roses-guia-per-a-comprar-i-vendre-propietats\/","title":{"rendered":"Immobili\u00e0ria a Empuriabrava i Roses &#8211; Guia per a Comprar i Vendre Propietats"},"content":{"rendered":"<p>[et_pb_section fb_built=&#8221;1&#8243; _builder_version=&#8221;4.27.5&#8243; _module_preset=&#8221;default&#8221; global_colors_info=&#8221;{}&#8221;][et_pb_row _builder_version=&#8221;4.27.5&#8243; _module_preset=&#8221;default&#8221; global_colors_info=&#8221;{}&#8221;][et_pb_column type=&#8221;4_4&#8243; _builder_version=&#8221;4.27.5&#8243; _module_preset=&#8221;default&#8221; global_colors_info=&#8221;{}&#8221;][et_pb_text _builder_version=&#8221;4.27.5&#8243; _module_preset=&#8221;default&#8221; custom_padding=&#8221;3px|||||&#8221; hover_enabled=&#8221;0&#8243; global_colors_info=&#8221;{}&#8221; sticky_enabled=&#8221;0&#8243;]<\/p>\n<h2><strong>Immobili\u00e0ria a Empuriabrava i Roses \u00e9s una refer\u00e8ncia al mercat immobiliari de la Costa Brava.<\/strong><\/h2>\n<p>En aquest espai compartim informaci\u00f3 actualitzada sobre el mercat immobiliari a Empuriabrava, Roses i la Costa Brava.<\/p>\n<p>Aqu\u00ed trobareu:<\/p>\n<p>\u2022 Consells per comprar o vendre una propietat<br \/> \u2022 Informaci\u00f3 sobre el mercat immobiliari local<br \/> \u2022 Guies per a inversors<br \/> \u2022 Novetats i oportunitats a la zona<\/p>\n<p>El nostre objectiu \u00e9s ajudar-lo a prendre decisions informades i segures.<\/p>\n<p>Si est\u00e0 pensant en comprar, vendre o invertir a Empuriabrava o Roses, aquest bloc \u00e9s per a vost\u00e8.<\/p>\n<p>Mercat immobiliari a Empuriabrava i Roses<\/p>\n<p>El mercat immobiliari a Empuriabrava i Roses destaca per la forta demanda internacional, especialment de compradors francesos, alemanys i belgues. La zona ofereix apartaments amb vistes al mar, cases amb amarratge als canals d&#8217;Empuriabrava i vil\u00b7les exclusives a Roses. Invertir a la Costa Brava \u00e9s una oportunitat interessant tant per a resid\u00e8ncia habitual com per a segon habitatge o lloguer de vacances.  <\/p>\n<p>A m\u00e9s, la immobili\u00e0ria a Empuriabrava i Roses ha d&#8217;oferir un acompanyament professional a cada etapa del proc\u00e9s de compra o venda. Comptar amb assessorament expert permet negociar millor el preu, gestionar la documentaci\u00f3 legal i assegurar una operaci\u00f3 transparent i segura. A m\u00e9s, la immobili\u00e0ria a Empuriabrava i Roses ofereix oportunitats \u00faniques tant a primera l\u00ednia de mar com a zones residencials tranquil\u00b7les. Gr\u00e0cies a la ubicaci\u00f3 privilegiada a la Costa Brava, aquestes localitats combinen qualitat de vida, rendibilitat i una forta demanda internacional durant tot l&#8217;any. La immobili\u00e0ria a Empuriabrava i Roses continua creixent gr\u00e0cies al seu atractiu tur\u00edstic i residencial. Segons dades oficials del mercat immobiliari a la Costa Brava. Segons dades oficials del Col\u00b7legi de Registradors ( <a href=\"https:\/\/www.registradores.org\" target=\"_blank\" rel=\"noopener\">https:\/\/www.registradores.org<\/a> ).      <\/p>\n<p>&nbsp;<\/p>\n<p>[\/et_pb_text][\/et_pb_column][\/et_pb_row][\/et_pb_section][et_pb_section fb_built=&#8221;1&#8243; _builder_version=&#8221;4.27.5&#8243; _module_preset=&#8221;default&#8221; global_colors_info=&#8221;{}&#8221;][et_pb_row _builder_version=&#8221;4.27.5&#8243; _module_preset=&#8221;default&#8221; global_colors_info=&#8221;{}&#8221;][et_pb_column type=&#8221;4_4&#8243; _builder_version=&#8221;4.27.5&#8243; _module_preset=&#8221;default&#8221; global_colors_info=&#8221;{}&#8221;][et_pb_blog fullwidth=&#8221;off&#8221; posts_number=&#8221;6&#8243; _builder_version=&#8221;4.27.5&#8243; _module_preset=&#8221;default&#8221; global_colors_info=&#8221;{}&#8221;][\/et_pb_blog][\/et_pb_column][\/et_pb_row][\/et_pb_section]<\/p>\n","protected":false},"excerpt":{"rendered":"<p>Immobili\u00e0ria a Empuriabrava i Roses \u00e9s una refer\u00e8ncia al mercat immobiliari de la Costa Brava. En aquest espai compartim informaci\u00f3 actualitzada sobre el mercat immobiliari a Empuriabrava, Roses i la Costa Brava. Aqu\u00ed trobareu: \u2022 Consells per comprar o vendre una propietat \u2022 Informaci\u00f3 sobre el mercat immobiliari local \u2022 Guies per a inversors \u2022 [&hellip;]<\/p>\n","protected":false},"author":2,"featured_media":332,"parent":0,"menu_order":0,"comment_status":"closed","ping_status":"closed","template":"","meta":{"_et_pb_use_builder":"on","_et_pb_old_content":"","_et_gb_content_width":"","footnotes":""},"class_list":["post-1760","page","type-page","status-publish","has-post-thumbnail","hentry"],"_links":{"self":[{"href":"https:\/\/immodaccentury.com\/ca\/wp-json\/wp\/v2\/pages\/1760","targetHints":{"allow":["GET"]}}],"collection":[{"href":"https:\/\/immodaccentury.com\/ca\/wp-json\/wp\/v2\/pages"}],"about":[{"href":"https:\/\/immodaccentury.com\/ca\/wp-json\/wp\/v2\/types\/page"}],"author":[{"embeddable":true,"href":"https:\/\/immodaccentury.com\/ca\/wp-json\/wp\/v2\/users\/2"}],"replies":[{"embeddable":true,"href":"https:\/\/immodaccentury.com\/ca\/wp-json\/wp\/v2\/comments?post=1760"}],"version-history":[{"count":2,"href":"https:\/\/immodaccentury.com\/ca\/wp-json\/wp\/v2\/pages\/1760\/revisions"}],"predecessor-version":[{"id":1762,"href":"https:\/\/immodaccentury.com\/ca\/wp-json\/wp\/v2\/pages\/1760\/revisions\/1762"}],"wp:featuredmedia":[{"embeddable":true,"href":"https:\/\/immodaccentury.com\/ca\/wp-json\/wp\/v2\/media\/332"}],"wp:attachment":[{"href":"https:\/\/immodaccentury.com\/ca\/wp-json\/wp\/v2\/media?parent=1760"}],"curies":[{"name":"wp","href":"https:\/\/api.w.org\/{rel}","templated":true}]}}